{"id":17,"date":"2017-03-02T15:21:57","date_gmt":"2017-03-02T15:21:57","guid":{"rendered":"http:\/\/mozaikartistik.comx\/?page_id=17"},"modified":"2018-03-13T23:10:37","modified_gmt":"2018-03-13T23:10:37","slug":"kush-jemi","status":"publish","type":"page","link":"https:\/\/mozaikartistik.com\/it\/kush-jemi\/","title":{"rendered":"Chi siamo"},"content":{"rendered":"<p>Eduard Luan Sinaj nato il 29 giugno 1966 a Tirana.<\/p>\n<p>Negli anni 1980 \u2013 1984 ha conseguito il Liceo Artistico \u201cJordan Misja\u201d di Tirana, indirizzo: pittura.<\/p>\n<p>Nel 1985 lavora come specialista dei mosaici artistici presso il Centro per le Realizzazioni delle Opere d\u2019Arti (Q.R.V.A.) nel settore dei mosaici sotto la direzione di Agim Nebiu.<\/p>\n<p>Nel corso degli anni anni partecipa nella realizzazione di alcuni mosaici realizzati in questo Centro quali: il Museo di Tropoje, il Museo di Borova, Hotel Rresheni (attualmente sede della Chiesa Cattolica), la facciata dell\u2019Istituto Superiore di Agraria a Kamez, ecc.<\/p>\n<p>Dopo il 1990 con i cambiamenti democratici in Albania e l\u2019apertura delle frontiere, inizia l\u2019arrivo degli investitori stranieri. Lavora com maestro del mosaico con varie ordinazioni per clienti italiani e locali.<\/p>\n<p>Nel 1994 apre il primo studio a Tirana per la produzione dei mosaici artistici destinati per il mercato locale e quello estero (principalmente italiano).<\/p>\n<p>Nel 1997 vien specializzato per 8 mesi in Italia presso uno studio di mosaici a Salerno (Cava dei Tirreni).<\/p>\n<p>Alla fine del 1997 fa ritorno in Albania e inizia a lavorare per la Chiesa Ortodossa Albanese, e nel contempo viene specializzato per i mosaici bizantini. Realizza molti mosaici nelle facciate e pavimenti in 9 chiese (3 cattedrali e 6 chiese), con l\u2019appoggio benevole dell\u2019Arcivescovo Anastas.<\/p>\n<p>Nel 1999 collabora con la Caritas Albania ed agli inizi dell\u2019anno 2000 apre un nuovo Studio per la realizzazione e la composizione dei mosaici con l\u2019aiuto della Caritas Albania e personalmente del Direttore Don Segundo Tejado.<\/p>\n<p>Negli anni 2013 \u2013 2015 consegue gli studi presso l\u2019Universit\u00e0 delle Belle Arti, indirizzo Pittura monumentale.<\/p>\n<p>Nel 2007, in questo studio artistico viene aggiunto anche l\u2019arte della pittura con l\u2019ingresso della consorte Albana Keraj Sinaj, laureata nell\u2019Accademia delle Belle Arti nel 1966. Con una esperienza personale quale pittrice di film, dopo gli studi universitari, e libera professionista fino nel 1999 e poi con una esperienza di quasi 8 anni presso lo Studio Rreli, quale specialista della fotografia artistica ed elaborazione foto. Ha partecipato in varie mostre colettive ed una personale nel 1996 insieme a suo padre, il grande maestro del penel e i piu famosi pittori di arte albanese Jakup Keraj.<\/p>\n<p>1998 partecipato a mostra Nazionale a \u201cOnufri\u201d  GKT con dipinto.<br \/>\n2007 mostra personale Studio Sinaj  con mosaico e dipinte a Giovinazzo BA Itali.<\/p>\n<p>Albana in questi anni ha partecipato anche le mostre internazionali come Arte Citta AMICA due volte 2012 e anni 2013 con diploma di segnalazione di giuria a Torino.<\/p>\n<p>2011 mostra personale Studio Sinaj mosaico e dipinto a sala a Museo Nazionale a Tirana<\/p>\n<p>Nel 2017 lo Studio Sinaj fa un ulteriore passo ed un cambiamento nella gamma artistica iniziando con il vetraggio artistico dopo un intensivo corso presso l\u2019Accademia Riaci a Firenze.<\/p>\n<p>Durante il periodo di lavoro dei due artisti nello studio vieno sviluppato anche la pittura e realizzate molte pitture murali e pitture da cavaletto in alcune chiese in Albania e Kosovo.<\/p>\n<p>Studio Sinaj con una esperienza di 30 anni ha realizzato diecine di mosaici artistici dalle dimensioni e dalle difficolta varie per 40 chiese Cattoliche e Chiese Ortodosse.<\/p>\n<p>Nello stesso tempo ha realizzato parecchi mosaici artistici inclusi quelli dal tema libero per abitazioni, locali, vari ambienti.In questi anni sono state realizzate parecchie opere in Albania, Italia, Kosovo, USA.<\/p>\n<p>In questo grande lavoro, con il sostegno della Chiesa Cattolica e Ortodossa Albanese, che con l\u2019amore verso l\u2019arte del mosaico ed i continui progetti hanno fatto s\u00ec che tale arte venga evoluto molto in Albania e pi\u00f9 in l\u00e0.<\/p>","protected":false},"excerpt":{"rendered":"<p>Eduard Luan Sinaj nato il 29 giugno 1966 a Tirana. Negli anni 1980 \u2013 1984 ha conseguito il Liceo Artistico \u201cJordan Misja\u201d di Tirana, indirizzo: pittura. Nel 1985 lavora come specialista dei mosaici artistici presso il Centro per le Realizzazioni delle Opere d\u2019Arti (Q.R.V.A.) nel settore dei mosaici sotto la direzione di Agim Nebiu. Nel [&hellip;]<\/p>\n","protected":false},"author":1,"featured_media":142,"parent":0,"menu_order":0,"comment_status":"closed","ping_status":"closed","template":"","meta":[],"_links":{"self":[{"href":"https:\/\/mozaikartistik.com\/it\/wp-json\/wp\/v2\/pages\/17"}],"collection":[{"href":"https:\/\/mozaikartistik.com\/it\/wp-json\/wp\/v2\/pages"}],"about":[{"href":"https:\/\/mozaikartistik.com\/it\/wp-json\/wp\/v2\/types\/page"}],"author":[{"embeddable":true,"href":"https:\/\/mozaikartistik.com\/it\/wp-json\/wp\/v2\/users\/1"}],"replies":[{"embeddable":true,"href":"https:\/\/mozaikartistik.com\/it\/wp-json\/wp\/v2\/comments?post=17"}],"version-history":[{"count":6,"href":"https:\/\/mozaikartistik.com\/it\/wp-json\/wp\/v2\/pages\/17\/revisions"}],"predecessor-version":[{"id":145,"href":"https:\/\/mozaikartistik.com\/it\/wp-json\/wp\/v2\/pages\/17\/revisions\/145"}],"wp:featuredmedia":[{"embeddable":true,"href":"https:\/\/mozaikartistik.com\/it\/wp-json\/wp\/v2\/media\/142"}],"wp:attachment":[{"href":"https:\/\/mozaikartistik.com\/it\/wp-json\/wp\/v2\/media?parent=17"}],"curies":[{"name":"wp","href":"https:\/\/api.w.org\/{rel}","templated":true}]}}