{"id":47,"date":"2017-03-27T03:15:25","date_gmt":"2017-03-27T03:15:25","guid":{"rendered":"http:\/\/mozaikartistik.comx\/?page_id=47"},"modified":"2018-03-13T22:56:55","modified_gmt":"2018-03-13T22:56:55","slug":"cfare-bejme","status":"publish","type":"page","link":"https:\/\/mozaikartistik.com\/it\/cfare-bejme\/","title":{"rendered":"Che faciamo"},"content":{"rendered":"<p>Lo Studio Sinaj \u00e8 unico in Albania per la qualit\u00e0 a livello europeo dal punto di vista materiale ed artistico e dalle variet\u00e0 dei modelli che offre.<\/p>\n<p>Lo studio offre e realizza con successo per alcuni anni di seguito nell\u2019arte del mosaico e della pittura dove di recente \u00e8 stato aggiunto anche il vetrate <\/p>\n<p>1. I mosaici vengo realizzati con pasta di vetro Orsoni di Venezia, qualit\u00e0 numero 1 in Europa ed in tutto il mondo. Con tali materiali sono stati realizzati in questo studio numerose opere, partendo dai ritratti dedicati, composizioni con figure e paesaggi di natura morta fino ai vari logo.<\/p>\n<p>Altri materiali utilizzati sono il marmo multicolore locale e da tutto il mondo, e questi tipi di marmo sono realizzati tappeti, tappetini dai vari motici ed altre figure di pavimento, pannelli al muro e tavoli.<\/p>\n<p>2. La pittura allegata alla Studio Sinaj in ogni progetto per la realizzazione dei mosaici si accompagna anche nelle pittur murali e da cavaletto.<\/p>\n<p>Le pitture in questo Studio vengono realizzate ad olio, acrilico, acquerello e pastello. Ci\u00f2 potrebbe essere realizzato in pittura da cavaletto e murale e di recente la tecnica di fissaggio al muro del canavaccio con colori acrilici. Nella pittura possiamo realizzare inoltre ritratti, composizioni con figure, paesaggi e natura morta.<\/p>\n<p>3. Il vetraggio, una novit\u00e0 per lo Studio Sinaj oramai assume una rilevanza dove vengono realizzati dai vetri di vari colori, in varie forme, per vari riflessioni di luce naturale ed artificiale. Il vetraggio ha alcune tecniche, ma da noi si fa vetraggio con frammenti da vari colori per realizzare ritratti, composizioni di figure, paesaggi, nature morte e perfino lampadari e specchi, e vari souvenir simbolici.<\/p>\n<p>La tecnica da noi usata \u00e8 tiffany, assieme alla via di piombo per realizzare al meglio ritatti e varie forme e figure.<\/p>\n<p>I vetri sono di vari marchi in base agli inventori delle varie fabbriche dai rispettivi paesi in base ai nomi in tutto il mondo.<br \/>\nNoi realizziamo i tuoi desideri per i tuoi  diversi locali e le tue  e istituzioni e casa con alta qualita e con <\/p>\n<p>Nostro moto \u201cIl vostro sogno viene trasformato nel mondo dei colori\u201d.<br \/>\n<\/p>","protected":false},"excerpt":{"rendered":"<p>Lo Studio Sinaj \u00e8 unico in Albania per la qualit\u00e0 a livello europeo dal punto di vista materiale ed artistico e dalle variet\u00e0 dei modelli che offre. Lo studio offre e realizza con successo per alcuni anni di seguito nell\u2019arte del mosaico e della pittura dove di recente \u00e8 stato aggiunto anche il vetrate 1. [&hellip;]<\/p>\n","protected":false},"author":1,"featured_media":138,"parent":0,"menu_order":0,"comment_status":"closed","ping_status":"closed","template":"","meta":[],"_links":{"self":[{"href":"https:\/\/mozaikartistik.com\/it\/wp-json\/wp\/v2\/pages\/47"}],"collection":[{"href":"https:\/\/mozaikartistik.com\/it\/wp-json\/wp\/v2\/pages"}],"about":[{"href":"https:\/\/mozaikartistik.com\/it\/wp-json\/wp\/v2\/types\/page"}],"author":[{"embeddable":true,"href":"https:\/\/mozaikartistik.com\/it\/wp-json\/wp\/v2\/users\/1"}],"replies":[{"embeddable":true,"href":"https:\/\/mozaikartistik.com\/it\/wp-json\/wp\/v2\/comments?post=47"}],"version-history":[{"count":4,"href":"https:\/\/mozaikartistik.com\/it\/wp-json\/wp\/v2\/pages\/47\/revisions"}],"predecessor-version":[{"id":141,"href":"https:\/\/mozaikartistik.com\/it\/wp-json\/wp\/v2\/pages\/47\/revisions\/141"}],"wp:featuredmedia":[{"embeddable":true,"href":"https:\/\/mozaikartistik.com\/it\/wp-json\/wp\/v2\/media\/138"}],"wp:attachment":[{"href":"https:\/\/mozaikartistik.com\/it\/wp-json\/wp\/v2\/media?parent=47"}],"curies":[{"name":"wp","href":"https:\/\/api.w.org\/{rel}","templated":true}]}}