{"id":17,"date":"2017-03-02T15:21:57","date_gmt":"2017-03-02T15:21:57","guid":{"rendered":"http:\/\/mozaikartistik.comx\/?page_id=17"},"modified":"2018-03-13T23:10:37","modified_gmt":"2018-03-13T23:10:37","slug":"kush-jemi","status":"publish","type":"page","link":"https:\/\/mozaikartistik.com\/sq\/kush-jemi\/","title":{"rendered":"Kush jemi"},"content":{"rendered":"<p>Eduard Luan Sinaj lindur me 29 Qershor 1966 Tiran\u00eb.<\/p>\n<p>N\u00eb vitet 1980-1984 ka mbaruar Liceun Artistik \u201cJordan Misja\u201d Tiran\u00eb, dega piktur\u00eb.<\/p>\n<p>N\u00eb vitin 1985 fillon pun\u00eb si specialist i mozaik\u00ebve artistik\u00eb pran\u00eb Qendr\u00ebs s\u00eb Realizimit t\u00eb Veprave t\u00eb Artit (Q. R. V. A.), n\u00eb sektorin e mozaik\u00ebve n\u00ebn drejtimin e Z. Agim Nebiu. Gjat\u00eb k\u00ebtyre viteve pun\u00eb merr pjes\u00eb n\u00eb realizimin e disa mozaik\u00ebve t\u00eb realizuar n\u00eb k\u00ebt\u00eb qend\u00ebr si: Muzeu i Tropoj\u00ebs, Muzeu i Borov\u00ebs, Hoteli i Rr\u00ebshenit (sot seli e Kish\u00ebs Katolike), fasada n\u00eb Insitutin e Lart\u00eb Bujq\u00ebsor n\u00eb Kam\u00ebz etj. <\/p>\n<p>Pas viteve 1990 me ndryshimet demokratike n\u00eb Shqip\u00ebri dhe hapjen e kufijve, filloi ardhja e investitor\u00ebve t\u00eb huaj. Punon si mjesht\u00ebr i mozaikut me porosi t\u00eb ndryshme p\u00ebr klient\u00eb italian\u00eb dhe vendas. <\/p>\n<p>N\u00eb 1994 hap studion e par\u00eb n\u00eb Tirane p\u00ebr prodhimin e mozaik\u00ebve artistik\u00eb t\u00eb destinuar p\u00ebr tregun vendas dhe at\u00eb t\u00eb huaj (kryesisht italian). <\/p>\n<p>N\u00eb fillim t\u00eb vitit 1997 specializohet p\u00ebr 8 muaj n\u00eb Itali pran\u00eb nj\u00eb studio mozaik\u00ebsh n\u00eb Salerno (Cava dei Tirreni). N\u00eb fund t\u00eb vitit 1997 kthehet n\u00eb Shqip\u00ebri dhe fillon t\u00eb punoj p\u00ebr Kish\u00ebn Orthodhokse Shqiptare, nj\u00ebkoh\u00ebsisht specializohet n\u00eb fush\u00ebn e mozaik\u00ebve bizantine. K\u00ebtu realizon shum\u00eb mozaik\u00eb n\u00eb fasada dhe dyshemet\u00eb e 9 kishave (3 kadedrale dhe 6 kisha), me p\u00ebrkrahjen dhe dashamir\u00ebsin\u00eb e Kryepeshkopit Anastas. <\/p>\n<p>N\u00eb vitin 1999 bashk\u00ebpunon me Karitasin Shqiptar dhe n\u00eb fillim t\u00eb vitit 2000 ngre studion e re p\u00ebr realizimin dhe krijimin e mozaik\u00ebve me ndihm\u00ebn e Karitasit Shqiptar dhe p\u00ebrsonalisht t\u00eb drejtorit Don Segundo Tejado.<\/p>\n<p>Mbaron studimet e larta n\u00eb vitet 2013-2015 pran\u00eb Universitetit t\u00eb Arteve, dega piktur\u00eb monumentale.<\/p>\n<p>2007 n\u00eb k\u00ebt\u00eb studio artistike shtohet dhe zhanri i piktur\u00ebs me hyrjen e bashk\u00ebshortes Albana Keraj Sinaj, mbaruar studimet n\u00eb Akademin\u00eb e Arteve t\u00eb Bukura n\u00eb 1996. Me nj\u00eb eksperienc\u00eb si piktore filmi pas studimeve dhe piktore e artiste e lir\u00eb deri n\u00eb 1999 e pastaj nj\u00eb ekspirienc\u00eb gati 8 vje\u00e7are n\u00eb Studio Rreli, si specialiste e fotografis\u00eb artistike dhe e p\u00ebrpunimit t\u00eb fotos. Pjes\u00ebmarrje n\u00eb ekspozita kolektive dhe nj\u00eb personale me t\u00eb atin piktorin e shquar shkodran Jakup Keraj 1996.<\/p>\n<p>1998 &#8211; Pjes\u00ebmarrje n\u00eb ekspozit\u00ebn Komb\u00ebtare n\u00eb GKA Tiran\u00eb, piktur\u00eb.<br \/>\n2007 &#8211; Pjes\u00ebmarrje Studio Sinaj me mozaik dhe piktur\u00eb n\u00eb ekspozit\u00ebn kolektive n\u00eb Giovinazza BA, Itali.<br \/>\n2011 \u2013 Pjes\u00ebmarrje Studio Sinaj mozaik dhe piktur\u00eb n\u00eb Muzeun Komb\u00ebtar Tiran\u00eb.<br \/>\n2012-2013 \u2013 pjes\u00ebmarrje n\u00eb ekspozit\u00ebn Internazionele n\u00eb Torino, nga ARTE CITTA AMICA me piktur\u00eb.<\/p>\n<p>Vler\u00ebsimi i juris\u00eb n\u00eb 2012.<\/p>\n<p>2017 studio Sinaj b\u00ebn nj\u00eb hap dhe nj\u00eb ndryshim n\u00eb gamen artistike, fillon me vitrazhin artistik mbas nj\u00eb kursi intensiv n\u00eb Firenze, pran\u00eb Akademis\u00eb Riaci.<br \/>\nGjat\u00eb periudh\u00ebs s\u00eb bashkimit t\u00eb dy artist\u00ebve n\u00eb studio zhvidhohet dhe piktur\u00eb ku u realizuan shum\u00eb piktura, si murale ashtu dhe piktur\u00eb kavaleti n\u00eb disa Kisha n\u00eb Shqip\u00ebri dhe n\u00eb Kosov\u00eb.<\/p>\n<p>N\u00eb k\u00ebto vite e deri tani, jan\u00eb realizuar mjaft vepra Shqip\u00ebri, Kosov\u00eb, Itali, Amerik\u00eb dhe nj\u00ebkoh\u00ebsisht nuk mungon pjes\u00ebmarrja n\u00eb ndonj\u00eb ekspozit\u00eb kolektive dhe personale si Studio. Studio Sinaj me eksperienc\u00eb 30 vje\u00e7are ka realizuar dhjet\u00ebra mozaik\u00eb artistik\u00eb t\u00eb dimensioneve dhe v\u00ebshtir\u00ebsive t\u00eb ndryshme p\u00ebr 40 Kisha Katolike &#038; Kisha Orthodokse. N\u00eb t\u00eb nj\u00ebjt\u00ebn koh\u00eb jan\u00eb realizuar dhe shum\u00eb mozaik\u00eb artistik\u00eb p\u00ebrfshir\u00eb tema t\u00eb lira p\u00ebr ambiente shtepie, lokale, zyra, institucione etj. N\u00eb k\u00ebt\u00eb pun\u00eb t\u00eb madhe me ndihm\u00ebn e Kish\u00ebs Katolike dhe Orthodhokse Shqiptare q\u00eb me dashurin\u00eb p\u00ebr artin e bukur t\u00eb mozaikut dhe projektet e vazhdueshme b\u00ebn q\u00eb ky art t\u00eb zhvillohet m\u00eb shum\u00eb n\u00eb Shqip\u00ebri e m\u00eb gjer\u00eb.<\/p>\n<p>Kjo studio ka si q\u00ebllim t\u00eb realizoj\u00eb vepra artistike n\u00eb k\u00ebto tre zhanre sipas d\u00ebshirave dhe k\u00ebrkesave t\u00eb dashamir\u00ebsve t\u00eb artit me moton:<br \/>\nNe i kthejme \u00ebndrrat tuaja n\u00eb bot\u00ebn e ngjyrave. <\/p>\n<p><\/p>","protected":false},"excerpt":{"rendered":"<p>Eduard Luan Sinaj lindur me 29 Qershor 1966 Tiran\u00eb. N\u00eb vitet 1980-1984 ka mbaruar Liceun Artistik \u201cJordan Misja\u201d Tiran\u00eb, dega piktur\u00eb. N\u00eb vitin 1985 fillon pun\u00eb si specialist i mozaik\u00ebve artistik\u00eb pran\u00eb Qendr\u00ebs s\u00eb Realizimit t\u00eb Veprave t\u00eb Artit (Q. R. V. A.), n\u00eb sektorin e mozaik\u00ebve n\u00ebn drejtimin e Z. Agim Nebiu. Gjat\u00eb k\u00ebtyre [&hellip;]<\/p>\n","protected":false},"author":1,"featured_media":142,"parent":0,"menu_order":0,"comment_status":"closed","ping_status":"closed","template":"","meta":[],"_links":{"self":[{"href":"https:\/\/mozaikartistik.com\/sq\/wp-json\/wp\/v2\/pages\/17"}],"collection":[{"href":"https:\/\/mozaikartistik.com\/sq\/wp-json\/wp\/v2\/pages"}],"about":[{"href":"https:\/\/mozaikartistik.com\/sq\/wp-json\/wp\/v2\/types\/page"}],"author":[{"embeddable":true,"href":"https:\/\/mozaikartistik.com\/sq\/wp-json\/wp\/v2\/users\/1"}],"replies":[{"embeddable":true,"href":"https:\/\/mozaikartistik.com\/sq\/wp-json\/wp\/v2\/comments?post=17"}],"version-history":[{"count":6,"href":"https:\/\/mozaikartistik.com\/sq\/wp-json\/wp\/v2\/pages\/17\/revisions"}],"predecessor-version":[{"id":145,"href":"https:\/\/mozaikartistik.com\/sq\/wp-json\/wp\/v2\/pages\/17\/revisions\/145"}],"wp:featuredmedia":[{"embeddable":true,"href":"https:\/\/mozaikartistik.com\/sq\/wp-json\/wp\/v2\/media\/142"}],"wp:attachment":[{"href":"https:\/\/mozaikartistik.com\/sq\/wp-json\/wp\/v2\/media?parent=17"}],"curies":[{"name":"wp","href":"https:\/\/api.w.org\/{rel}","templated":true}]}}