{"id":47,"date":"2017-03-27T03:15:25","date_gmt":"2017-03-27T03:15:25","guid":{"rendered":"http:\/\/mozaikartistik.comx\/?page_id=47"},"modified":"2018-03-13T22:56:55","modified_gmt":"2018-03-13T22:56:55","slug":"cfare-bejme","status":"publish","type":"page","link":"https:\/\/mozaikartistik.com\/sq\/cfare-bejme\/","title":{"rendered":"\u00c7far\u00eb b\u00ebjm\u00eb"},"content":{"rendered":"<p>Studio Sinaj \u00ebsht\u00eb unike n\u00eb Shqip\u00ebri p\u00ebr kualitetin me nivel europian dhe shum\u00ebllojshm\u00ebrin\u00eb e zhanreve q\u00eb ofron.<br \/>\nKjo studio ofron dhe realizon me sukses p\u00ebr disa vite me radh\u00eb n\u00eb artin e mozaikut dhe t\u00eb piktur\u00ebs ku s\u00eb fundmi shtohet dhe vitrazhi.<\/p>\n<p>1. Mozaik\u00ebt realizohen me gur\u00eb xhami (pasta di vetro) Orsoni nga Venecia kualiteti num\u00ebr 1 n\u00eb Europ\u00eb dhe n\u00eb mbar\u00eb bot\u00ebn! Me k\u00ebto materiale jan\u00eb realizuar n\u00eb k\u00ebt\u00eb studio shum\u00eb vepra duke filluar nga portrete t\u00eb dedikuara, kompozime me figura dhe peisazhe e natyra t\u00eb qeta, deri n\u00eb logo t\u00eb ndryshme.<\/p>\n<p>Materiale tjera t\u00eb p\u00ebrdorura jan\u00eb dhe mermere shum\u00eb ngjyr\u00ebshe vendas, si dhe nga mbar\u00eb bota ku me k\u00ebto mermere realizohen mozaik si tapete, rrugica me motive t\u00eb ndryshme, si dhe figura p\u00ebr dysheme, panele n\u00eb mur dhe tavolina.<\/p>\n<p>2. Piktura si bashkangjitje e Studio Sinaj n\u00eb \u00e7do projekt p\u00ebr realizimin e mozaik\u00ebve shoq\u00ebrohet dhe n\u00eb piktur\u00eb murale e kavaleti.<\/p>\n<p>Pikturat n\u00eb k\u00ebt\u00eb studio realizohen n\u00eb ngjyra vaji, akrilik dhe akuarel e pastel. K\u00ebto mund t\u00eb realizohen n\u00eb piktur\u00eb kavaleti dhe murale, e s\u00eb fundmi me teknik\u00ebn e ngjitjes t\u00eb kanavac\u00ebs n\u00eb mur me ngjyra akrilik. N\u00eb piktur\u00eb gjithashtu mund t\u00eb relaizohen nga portrete, kompozime me figura, peisazhe dhe natyra t\u00eb qeta.<\/p>\n<p>3. Vitrazhi nj\u00eb novacion n\u00eb Studio Sinaj tashm\u00eb merr dhe ai nj\u00eb r\u00ebndesi ku realizohet nga xhama me ngjyra t\u00eb ndryshme, n\u00eb copa me forma t\u00eb ndryshme, p\u00ebr t\u00eb p\u00ebrthyer drit\u00ebn natyrale dhe artificiale. <\/p>\n<p>Vitrazhi ka disa teknika por ne n\u00eb k\u00ebt\u00eb koh\u00eb b\u00ebjme vitrazhin me cop\u00ebra me ngjyra t\u00eb ndryshme, p\u00ebr t\u00eb realizuar portrete, kompozime me figura, peisazhe, natyra t\u00eb qeta, deri abazhur dhe pasqyra e suvenir simolik.<\/p>\n<p>Teknika jon\u00eb q\u00eb perdorim \u00ebsht\u00eb teknika tiffany s\u00eb bashku me rrug\u00ebn e plumbit, p\u00ebr t\u00eb realizuar sa m\u00eb mir\u00eb portrete dhe figura e forma t\u00eb ndryshme.<br \/>\nXhamat jan\u00eb marka t\u00eb ndryshme sipas shpik\u00ebsve dhe fabrikave t\u00eb ndryshme nga vendet p\u00ebrkat\u00ebse sipas emrave n\u00eb mbar\u00eb bot\u00ebn.<br \/>\n<\/p>","protected":false},"excerpt":{"rendered":"<p>Studio Sinaj \u00ebsht\u00eb unike n\u00eb Shqip\u00ebri p\u00ebr kualitetin me nivel europian dhe shum\u00ebllojshm\u00ebrin\u00eb e zhanreve q\u00eb ofron. Kjo studio ofron dhe realizon me sukses p\u00ebr disa vite me radh\u00eb n\u00eb artin e mozaikut dhe t\u00eb piktur\u00ebs ku s\u00eb fundmi shtohet dhe vitrazhi. 1. Mozaik\u00ebt realizohen me gur\u00eb xhami (pasta di vetro) Orsoni nga Venecia kualiteti [&hellip;]<\/p>\n","protected":false},"author":1,"featured_media":138,"parent":0,"menu_order":0,"comment_status":"closed","ping_status":"closed","template":"","meta":[],"_links":{"self":[{"href":"https:\/\/mozaikartistik.com\/sq\/wp-json\/wp\/v2\/pages\/47"}],"collection":[{"href":"https:\/\/mozaikartistik.com\/sq\/wp-json\/wp\/v2\/pages"}],"about":[{"href":"https:\/\/mozaikartistik.com\/sq\/wp-json\/wp\/v2\/types\/page"}],"author":[{"embeddable":true,"href":"https:\/\/mozaikartistik.com\/sq\/wp-json\/wp\/v2\/users\/1"}],"replies":[{"embeddable":true,"href":"https:\/\/mozaikartistik.com\/sq\/wp-json\/wp\/v2\/comments?post=47"}],"version-history":[{"count":4,"href":"https:\/\/mozaikartistik.com\/sq\/wp-json\/wp\/v2\/pages\/47\/revisions"}],"predecessor-version":[{"id":141,"href":"https:\/\/mozaikartistik.com\/sq\/wp-json\/wp\/v2\/pages\/47\/revisions\/141"}],"wp:featuredmedia":[{"embeddable":true,"href":"https:\/\/mozaikartistik.com\/sq\/wp-json\/wp\/v2\/media\/138"}],"wp:attachment":[{"href":"https:\/\/mozaikartistik.com\/sq\/wp-json\/wp\/v2\/media?parent=47"}],"curies":[{"name":"wp","href":"https:\/\/api.w.org\/{rel}","templated":true}]}}