{"id":49,"date":"2017-03-27T03:16:00","date_gmt":"2017-03-27T03:16:00","guid":{"rendered":"http:\/\/mozaikartistik.comx\/?page_id=49"},"modified":"2018-04-20T11:03:09","modified_gmt":"2018-04-20T11:03:09","slug":"referenca","status":"publish","type":"page","link":"https:\/\/mozaikartistik.com\/sq\/referenca\/","title":{"rendered":"Referenca"},"content":{"rendered":"<p>Fal\u00eb pun\u00ebs s\u00eb apasionuar artistike t\u00eb Eduard Sinaj, mozaiku rikthehet p\u00ebr t\u00eb zbukuruar arkiteturat e shenjta t\u00eb kishave tona. Arti i mozaikut, si asnj\u00eb tjet\u00ebr, ka ve\u00e7orin\u00eb p\u00ebr t\u00eb na kujtuar, n\u00eb vendet e shenjta, pranin\u00eb e \u201cdrit\u00ebs s\u00eb pa krijuar\u201d, duke rip\u00ebrcaktuar hap\u00ebsirat dhe duke i mbuluar ato me shum\u00ebllojshm\u00ebri kromatike. Pas nj\u00eb praktike artistike dhe praktike artizanale mbi 20-vje\u00e7are, Eduard Sinaj ka perfeksionuar p\u00ebrdorimin e k\u00ebsaj gjuhe q\u00eb shtrihet nga modulet kanonike t\u00eb artit bizantin deri tek ato m\u00eb fleksibile, t\u00eb artit t\u00eb shenjt\u00eb perendimor. Nga laboratori i tij n\u00eb Tiran\u00eb kan\u00eb dal\u00eb, dhe vazhdojn\u00eb t\u00eb dalin, vepra t\u00eb tilla, q\u00eb p\u00ebr pjekurin\u00eb e tyre formale e natyr\u00ebn materiale, do t\u2019i rezistojn\u00eb koh\u00ebs.<\/p>\n<p>OFM   fr. Flavio Cavallini<\/p>\n<p>Atelieri i artistit Eduard Sinaj persa i perket realizimit t\u00eb mozaikeve \u00ebsht\u00eb nj\u00eb nga m\u00eb t\u00eb mir\u00ebt n\u00eb vendin ton\u00eb (Shqip\u00ebri).<br \/>\nMozaik\u00ebt q\u00eb realizohen n\u00eb k\u00ebt\u00eb atelie \u00e7do kush mund ti mbante n\u00ebp\u00ebr mjedise publike apo private, por edhe n\u00eb vendet intime t\u00eb ambienteve t\u00eb banesave tona. Nj\u00eb vep\u00ebr t\u00eb tille un\u00eb si artist do ta mbaja m\u00eb shume kenaq\u00ebsi n\u00eb studion time. Mozaik\u00ebt e realizuar nga kjo atelie shquhen n\u00eb rradh\u00eb t\u00eb par\u00eb p\u00ebr nivelin e lart\u00eb artistik q\u00eb arrihet t\u00eb realizohet nga mjeshtria e tij edhe nga gur\u00ebt e \u00e7muar, t\u00eb nj\u00eb cilesie t\u00eb lart\u00eb t\u00eb struktures s\u00eb k\u00ebtyre gur\u00ebve, deri tek ata me p\u00ebrmbajtje t\u00eb karatit t\u00eb arit dhe argjendit.<br \/>\nN\u00ebse je i pranish\u00ebm, mund ta konsiderosh veten t\u00eb privelegjuar do t\u00eb mahnitesh nga preokupacioni i lart\u00eb dhe p\u00ebrkushtimi i tij p\u00ebr t\u00eb realizuar vepr\u00ebn n\u00eb mozaik. Aty do t\u00eb shikosh nj\u00eb larmi mozaik\u00ebsh q\u00eb nga antikiteti e deri n\u00eb dit\u00ebt e sotme ku p\u00ebrfshihen edhe vepra t\u00eb artit modern.<br \/>\nMozaik\u00ebt e \u201cStudio Sinaj\u201d  jan\u00eb vepra q\u00eb krijohen, projektohen, realizohen dhe montohen nga vete artisti Eduard Sinaj dhe stafi i tij. Shum\u00ebkush mund t\u00eb realizoje sot mozaik\u00eb, por ky artist ka nj\u00eb ve\u00e7anti shum\u00eb t\u00eb dallueshme nga t\u00eb tjeret, eksperienca e tij p\u00ebr gati \u00e7erek shekulli ka b\u00ebr\u00eb q\u00eb ai t\u00eb njoh\u00eb mir\u00eb jo vetem teknikat e realializimit por dhe stilet e ndryshme t\u00eb mozaik\u00ebve t\u00eb realizuar gjat\u00eb koh\u00ebrave. Ai njeh mir\u00eb dhe realizon sakt\u00eb veprat antike si ato te Rilindjes, t\u00eb mesjet\u00ebs, t\u00eb periudh\u00ebs Bizantine e m\u00eb tej t\u00eb  dallueshme ato fetare dhe laike. Un\u00eb ju sugjeroj t\u00eb vizitoni \u201cStudio Sinaj\u201d p\u00ebr t\u00eb marre sadopak atmosfer\u00eb studioje apo p\u00ebr tu b\u00ebr\u00eb nj\u00eb klient i nj\u00eb vepre t\u00eb  \u00e7muar.<\/p>\n<p>Mustafa Arapi<br \/>\nPiktor, Restaurator dhe studiues i Artit Bizantin<br \/>\n<\/p>","protected":false},"excerpt":{"rendered":"<p>Fal\u00eb pun\u00ebs s\u00eb apasionuar artistike t\u00eb Eduard Sinaj, mozaiku rikthehet p\u00ebr t\u00eb zbukuruar arkiteturat e shenjta t\u00eb kishave tona. Arti i mozaikut, si asnj\u00eb tjet\u00ebr, ka ve\u00e7orin\u00eb p\u00ebr t\u00eb na kujtuar, n\u00eb vendet e shenjta, pranin\u00eb e \u201cdrit\u00ebs s\u00eb pa krijuar\u201d, duke rip\u00ebrcaktuar hap\u00ebsirat dhe duke i mbuluar ato me shum\u00ebllojshm\u00ebri kromatike. Pas nj\u00eb praktike [&hellip;]<\/p>\n","protected":false},"author":1,"featured_media":303,"parent":0,"menu_order":0,"comment_status":"closed","ping_status":"closed","template":"","meta":[],"_links":{"self":[{"href":"https:\/\/mozaikartistik.com\/sq\/wp-json\/wp\/v2\/pages\/49"}],"collection":[{"href":"https:\/\/mozaikartistik.com\/sq\/wp-json\/wp\/v2\/pages"}],"about":[{"href":"https:\/\/mozaikartistik.com\/sq\/wp-json\/wp\/v2\/types\/page"}],"author":[{"embeddable":true,"href":"https:\/\/mozaikartistik.com\/sq\/wp-json\/wp\/v2\/users\/1"}],"replies":[{"embeddable":true,"href":"https:\/\/mozaikartistik.com\/sq\/wp-json\/wp\/v2\/comments?post=49"}],"version-history":[{"count":4,"href":"https:\/\/mozaikartistik.com\/sq\/wp-json\/wp\/v2\/pages\/49\/revisions"}],"predecessor-version":[{"id":304,"href":"https:\/\/mozaikartistik.com\/sq\/wp-json\/wp\/v2\/pages\/49\/revisions\/304"}],"wp:featuredmedia":[{"embeddable":true,"href":"https:\/\/mozaikartistik.com\/sq\/wp-json\/wp\/v2\/media\/303"}],"wp:attachment":[{"href":"https:\/\/mozaikartistik.com\/sq\/wp-json\/wp\/v2\/media?parent=49"}],"curies":[{"name":"wp","href":"https:\/\/api.w.org\/{rel}","templated":true}]}}